{"id":359,"date":"2023-03-01T17:35:01","date_gmt":"2023-03-01T16:35:01","guid":{"rendered":"https:\/\/saintmedardenforez-42330.fr\/site2023\/?page_id=359"},"modified":"2023-07-24T08:23:12","modified_gmt":"2023-07-24T06:23:12","slug":"radio-modul-98-7-fm","status":"publish","type":"page","link":"https:\/\/saintmedardenforez-42330.fr\/site2023\/index.php\/radio-modul-98-7-fm\/","title":{"rendered":"Radio MODUL"},"content":{"rendered":"<h1 class=\"corgi-bvdt4s\" style=\"text-align: center;\" data-qa=\"petition-title\">P\u00e9tition : Pour que Radio MODUL revienne sur la bande FM<\/h1>\n<p style=\"text-align: center;\"><a href=\"https:\/\/chng.it\/P5skjd9G5p\" target=\"_blank\" rel=\"noopener\">Lien de la p\u00e9tition<\/a><\/p>\n<p style=\"text-align: center;\"><a href=\"https:\/\/monts-actus.fr\/2023\/03\/12\/4296\/\" target=\"_blank\" rel=\"noopener\">Message du pr\u00e9sident de radio MODUL sur monts-actus.fr<\/a><\/p>\n<p style=\"text-align: center;\"><a href=\"https:\/\/www.le-pays.fr\/souzy-69610\/actualites\/radio-modul-reduite-au-silence-sur-la-bande-fm-dans-les-monts-du-lyonnais_14272655\/\" target=\"_blank\" rel=\"noopener\">Article du journal LE PAYS<\/a><\/p>\n<p style=\"text-align: center;\"><a href=\"https:\/\/chng.it\/P5skjd9G5p\" target=\"_blank\" rel=\"noopener\"><img loading=\"lazy\" decoding=\"async\" class=\"size-full wp-image-2041 aligncenter\" src=\"https:\/\/saintmedardenforez-42330.fr\/site2023\/wp-content\/uploads\/2023\/03\/20230306-Petition-Radio-Modul.jpg\" alt=\"\" width=\"800\" height=\"450\" srcset=\"https:\/\/saintmedardenforez-42330.fr\/site2023\/wp-content\/uploads\/2023\/03\/20230306-Petition-Radio-Modul.jpg 800w, https:\/\/saintmedardenforez-42330.fr\/site2023\/wp-content\/uploads\/2023\/03\/20230306-Petition-Radio-Modul-300x169.jpg 300w, https:\/\/saintmedardenforez-42330.fr\/site2023\/wp-content\/uploads\/2023\/03\/20230306-Petition-Radio-Modul-768x432.jpg 768w\" sizes=\"auto, (max-width: 800px) 100vw, 800px\" \/><\/a><\/p>\n<h1 style=\"text-align: center;\"><a href=\"https:\/\/radiomodul.fr\/podcasts\/\" target=\"_blank\" rel=\"noopener\">Podcasts Radio MODUL<\/a><\/h1>\n<p style=\"text-align: center;\"><a href=\"https:\/\/radiomodul.fr\/\" target=\"_blank\" rel=\"noopener noreferrer\"><img loading=\"lazy\" decoding=\"async\" class=\"wp-image-351 size-medium aligncenter\" src=\"https:\/\/saintmedardenforez-42330.fr\/site2023\/wp-content\/uploads\/2019\/11\/20150212-Radio-Modul-Mots-Du-Lyonnais-300x156.jpg\" alt=\"\" width=\"300\" height=\"156\" srcset=\"https:\/\/saintmedardenforez-42330.fr\/site2023\/wp-content\/uploads\/2019\/11\/20150212-Radio-Modul-Mots-Du-Lyonnais-300x156.jpg 300w, https:\/\/saintmedardenforez-42330.fr\/site2023\/wp-content\/uploads\/2019\/11\/20150212-Radio-Modul-Mots-Du-Lyonnais.jpg 507w\" sizes=\"auto, (max-width: 300px) 100vw, 300px\" \/><\/a><\/p>\n<h1 style=\"text-align: center;\">Fr\u00e9quence temporaire sur le 98.7 FM<\/h1>\n<p style=\"text-align: center;\">(9 mois \/ an : Mars =&gt; Juillet &amp; Septembre =&gt; D\u00e9cembre)<\/p>\n<h1 style=\"text-align: center;\">Applications mobiles sur 2 plateformes<a href=\"https:\/\/play.google.com\/store\/apps\/details?id=com.nobexinc.wls_72325301.rc\" target=\"_blank\" rel=\"noopener noreferrer\"><br \/>\n<\/a><a href=\"https:\/\/play.google.com\/store\/apps\/details?id=fr.radiomodul.player\" target=\"_blank\" rel=\"noopener noreferrer\"><img loading=\"lazy\" decoding=\"async\" class=\"aligncenter wp-image-355 size-full\" src=\"https:\/\/saintmedardenforez-42330.fr\/site2023\/wp-content\/uploads\/2019\/11\/Google-Play2-e1574612930702.png\" alt=\"\" width=\"67\" height=\"75\" \/><\/a><a href=\"https:\/\/apps.apple.com\/fr\/app\/radio-modul\/id970475421\" target=\"_blank\" rel=\"noopener noreferrer\"><img loading=\"lazy\" decoding=\"async\" class=\"wp-image-354 size-full aligncenter\" style=\"font-size: 1rem;\" src=\"https:\/\/saintmedardenforez-42330.fr\/site2023\/wp-content\/uploads\/2019\/11\/Appel-Store2-e1574612839471.png\" alt=\"\" width=\"80\" height=\"75\" \/><\/a><\/h1>\n<h1 style=\"text-align: center;\">Devenez un partenaire en diffusant radio MODUL dans vos locaux<\/h1>\n<p style=\"text-align: center;\"><a href=\"https:\/\/radiomodul.fr\/contact\/\" target=\"_blank\" rel=\"noopener noreferrer\">Contactez radio MODUL<\/a><\/p>\n<h1 style=\"text-align: center;\">Faire un don sur HelloAsso d\u00e9ductible des imp\u00f4ts<\/h1>\n<p style=\"text-align: center;\"><a href=\"https:\/\/www.helloasso.com\/associations\/radio-modul\/formulaires\/1\" target=\"_blank\" rel=\"noopener noreferrer\"><img loading=\"lazy\" decoding=\"async\" class=\"aligncenter wp-image-581 size-full\" src=\"https:\/\/saintmedardenforez-42330.fr\/site2023\/wp-content\/uploads\/2020\/02\/HelloAsso.png\" alt=\"\" width=\"183\" height=\"42\" \/><\/a><\/p>\n<h1 style=\"text-align: center;\"><a href=\"https:\/\/radiomodul.fr\/publicite\/\" target=\"_blank\" rel=\"noopener\">Faites de la Publicit\u00e9 sur MODUL<\/a><\/h1>\n<p style=\"text-align: center;\"><img loading=\"lazy\" decoding=\"async\" class=\"alignnone size-full wp-image-347\" src=\"https:\/\/saintmedardenforez-42330.fr\/site2023\/wp-content\/uploads\/2019\/11\/BonjourMain.gif\" alt=\"\" width=\"125\" height=\"70\" \/><\/p>\n<h1 style=\"text-align: center;\">Direct avec la discoth\u00e8que LE MAD&rsquo; vendredi et samedi soir<\/h1>\n<p><a href=\"https:\/\/www.le-mad.com\/\" target=\"_blank\" rel=\"noopener\"><img loading=\"lazy\" decoding=\"async\" class=\"size-full wp-image-345 aligncenter\" src=\"https:\/\/saintmedardenforez-42330.fr\/site2023\/wp-content\/uploads\/2019\/11\/Chat-Casque.gif\" alt=\"\" width=\"240\" height=\"320\" \/><\/a><\/p>\n<p style=\"text-align: center;\">\n","protected":false},"excerpt":{"rendered":"<p>P\u00e9tition : Pour que Radio MODUL revienne sur la bande FM Lien de la p\u00e9tition Message du pr\u00e9sident de radio MODUL sur monts-actus.fr Article du<\/p>\n","protected":false},"author":1,"featured_media":0,"parent":0,"menu_order":0,"comment_status":"closed","ping_status":"closed","template":"","meta":{"footnotes":""},"class_list":["post-359","page","type-page","status-publish","hentry"],"_links":{"self":[{"href":"https:\/\/saintmedardenforez-42330.fr\/site2023\/index.php\/wp-json\/wp\/v2\/pages\/359","targetHints":{"allow":["GET"]}}],"collection":[{"href":"https:\/\/saintmedardenforez-42330.fr\/site2023\/index.php\/wp-json\/wp\/v2\/pages"}],"about":[{"href":"https:\/\/saintmedardenforez-42330.fr\/site2023\/index.php\/wp-json\/wp\/v2\/types\/page"}],"author":[{"embeddable":true,"href":"https:\/\/saintmedardenforez-42330.fr\/site2023\/index.php\/wp-json\/wp\/v2\/users\/1"}],"replies":[{"embeddable":true,"href":"https:\/\/saintmedardenforez-42330.fr\/site2023\/index.php\/wp-json\/wp\/v2\/comments?post=359"}],"version-history":[{"count":4,"href":"https:\/\/saintmedardenforez-42330.fr\/site2023\/index.php\/wp-json\/wp\/v2\/pages\/359\/revisions"}],"predecessor-version":[{"id":2220,"href":"https:\/\/saintmedardenforez-42330.fr\/site2023\/index.php\/wp-json\/wp\/v2\/pages\/359\/revisions\/2220"}],"wp:attachment":[{"href":"https:\/\/saintmedardenforez-42330.fr\/site2023\/index.php\/wp-json\/wp\/v2\/media?parent=359"}],"curies":[{"name":"wp","href":"https:\/\/api.w.org\/{rel}","templated":true}]}}