{"id":335,"date":"2022-11-24T16:56:07","date_gmt":"2022-11-24T15:56:07","guid":{"rendered":"https:\/\/saintmedardenforez-42330.fr\/site2023\/?page_id=335"},"modified":"2024-01-17T11:09:10","modified_gmt":"2024-01-17T10:09:10","slug":"meteo","status":"publish","type":"page","link":"https:\/\/saintmedardenforez-42330.fr\/site2023\/index.php\/meteo\/","title":{"rendered":"M\u00e9t\u00e9o"},"content":{"rendered":"<p style=\"text-align: center;\">Pour conna\u00eetre la m\u00e9t\u00e9o sur le village, voici deux liens int\u00e9ressants sur la m\u00e9t\u00e9orologie.<\/p>\n<p align=\"center\"><iframe loading=\"lazy\" style=\"padding: 0; margin: 0; border: 0;\" src=\"https:\/\/www.lameteoagricole.net\/la-meteo-agricole-partage-web2.php?town=cb1bc074b72dca1191308e9adc6792cd&amp;ville=FR\" width=\"400\" height=\"323\" frameborder=\"0\" marginwidth=\"0\" marginheight=\"0\" scrolling=\"no\"><\/iframe><\/p>\n<p style=\"text-align: center;\"><a href=\"http:\/\/www.meteociel.fr\/previsions\/15131\/saint_medard_en_forez.htm\" target=\"_blank\" rel=\"noopener noreferrer\"><img loading=\"lazy\" decoding=\"async\" class=\"alignnone size-full wp-image-336\" src=\"https:\/\/saintmedardenforez-42330.fr\/site2023\/wp-content\/uploads\/2019\/11\/MeteoCiel.jpg\" alt=\"\" width=\"150\" height=\"28\" \/><\/a><\/p>\n<p style=\"text-align: center;\"><a href=\"https:\/\/meteofrance.com\/previsions-meteo-france\/saint-medard-en-forez\/42330\" target=\"_blank\" rel=\"noopener noreferrer\"><img loading=\"lazy\" decoding=\"async\" class=\"size-full wp-image-340 aligncenter\" src=\"https:\/\/saintmedardenforez-42330.fr\/site2023\/wp-content\/uploads\/2019\/11\/Meteo-France.png\" alt=\"\" width=\"81\" height=\"81\" \/><\/a><\/p>\n","protected":false},"excerpt":{"rendered":"<p>Pour conna\u00eetre la m\u00e9t\u00e9o sur le village, voici deux liens int\u00e9ressants sur la m\u00e9t\u00e9orologie.<\/p>\n","protected":false},"author":1,"featured_media":0,"parent":0,"menu_order":0,"comment_status":"closed","ping_status":"closed","template":"","meta":{"footnotes":""},"class_list":["post-335","page","type-page","status-publish","hentry"],"_links":{"self":[{"href":"https:\/\/saintmedardenforez-42330.fr\/site2023\/index.php\/wp-json\/wp\/v2\/pages\/335","targetHints":{"allow":["GET"]}}],"collection":[{"href":"https:\/\/saintmedardenforez-42330.fr\/site2023\/index.php\/wp-json\/wp\/v2\/pages"}],"about":[{"href":"https:\/\/saintmedardenforez-42330.fr\/site2023\/index.php\/wp-json\/wp\/v2\/types\/page"}],"author":[{"embeddable":true,"href":"https:\/\/saintmedardenforez-42330.fr\/site2023\/index.php\/wp-json\/wp\/v2\/users\/1"}],"replies":[{"embeddable":true,"href":"https:\/\/saintmedardenforez-42330.fr\/site2023\/index.php\/wp-json\/wp\/v2\/comments?post=335"}],"version-history":[{"count":3,"href":"https:\/\/saintmedardenforez-42330.fr\/site2023\/index.php\/wp-json\/wp\/v2\/pages\/335\/revisions"}],"predecessor-version":[{"id":2498,"href":"https:\/\/saintmedardenforez-42330.fr\/site2023\/index.php\/wp-json\/wp\/v2\/pages\/335\/revisions\/2498"}],"wp:attachment":[{"href":"https:\/\/saintmedardenforez-42330.fr\/site2023\/index.php\/wp-json\/wp\/v2\/media?parent=335"}],"curies":[{"name":"wp","href":"https:\/\/api.w.org\/{rel}","templated":true}]}}