{"id":309,"date":"2019-11-24T16:29:22","date_gmt":"2019-11-24T15:29:22","guid":{"rendered":"https:\/\/saintmedardenforez-42330.fr\/site2023\/?page_id=309"},"modified":"2021-05-04T21:19:52","modified_gmt":"2021-05-04T19:19:52","slug":"histoire-patrimoine","status":"publish","type":"page","link":"https:\/\/saintmedardenforez-42330.fr\/site2023\/index.php\/histoire-patrimoine\/","title":{"rendered":"Histoire &#038; Patrimoine"},"content":{"rendered":"<p style=\"text-align: center;\">Afin de conna\u00eetre l&rsquo;histoire et le patrimoine du village, merci d&rsquo;acc\u00e9der \u00e0 l&rsquo; <a href=\"http:\/\/www.stmedardenforez.free.fr\/index.php\/vie-economique\/histoire-et-patrimoine\" target=\"_blank\" rel=\"noopener noreferrer\">ancien site internet<\/a><\/p>\n","protected":false},"excerpt":{"rendered":"<p>Afin de conna\u00eetre l&rsquo;histoire et le patrimoine du village, merci d&rsquo;acc\u00e9der \u00e0 l&rsquo; ancien site internet<\/p>\n","protected":false},"author":1,"featured_media":0,"parent":0,"menu_order":0,"comment_status":"closed","ping_status":"closed","template":"","meta":{"footnotes":""},"class_list":["post-309","page","type-page","status-publish","hentry"],"_links":{"self":[{"href":"https:\/\/saintmedardenforez-42330.fr\/site2023\/index.php\/wp-json\/wp\/v2\/pages\/309","targetHints":{"allow":["GET"]}}],"collection":[{"href":"https:\/\/saintmedardenforez-42330.fr\/site2023\/index.php\/wp-json\/wp\/v2\/pages"}],"about":[{"href":"https:\/\/saintmedardenforez-42330.fr\/site2023\/index.php\/wp-json\/wp\/v2\/types\/page"}],"author":[{"embeddable":true,"href":"https:\/\/saintmedardenforez-42330.fr\/site2023\/index.php\/wp-json\/wp\/v2\/users\/1"}],"replies":[{"embeddable":true,"href":"https:\/\/saintmedardenforez-42330.fr\/site2023\/index.php\/wp-json\/wp\/v2\/comments?post=309"}],"version-history":[{"count":0,"href":"https:\/\/saintmedardenforez-42330.fr\/site2023\/index.php\/wp-json\/wp\/v2\/pages\/309\/revisions"}],"wp:attachment":[{"href":"https:\/\/saintmedardenforez-42330.fr\/site2023\/index.php\/wp-json\/wp\/v2\/media?parent=309"}],"curies":[{"name":"wp","href":"https:\/\/api.w.org\/{rel}","templated":true}]}}