{"id":307,"date":"2019-11-24T16:28:36","date_gmt":"2019-11-24T15:28:36","guid":{"rendered":"https:\/\/saintmedardenforez-42330.fr\/site2023\/?page_id=307"},"modified":"2022-05-18T15:25:58","modified_gmt":"2022-05-18T13:25:58","slug":"randonnees-saint-medard-en-forez","status":"publish","type":"page","link":"https:\/\/saintmedardenforez-42330.fr\/site2023\/index.php\/randonnees-saint-medard-en-forez\/","title":{"rendered":"Randonn\u00e9es"},"content":{"rendered":"<p style=\"text-align: center;\">Afin de conna\u00eetre les possibilit\u00e9s de randonn\u00e9es et de promenades, rendez-vous sur l&rsquo;<a href=\"http:\/\/www.stmedardenforez.free.fr\/index.php\/vie-economique\/randonnees\" target=\"_blank\" rel=\"noopener noreferrer\">ancien site internet<\/a><\/p>\n","protected":false},"excerpt":{"rendered":"<p>Afin de conna\u00eetre les possibilit\u00e9s de randonn\u00e9es et de promenades, rendez-vous sur l&rsquo;ancien site internet<\/p>\n","protected":false},"author":1,"featured_media":0,"parent":0,"menu_order":0,"comment_status":"closed","ping_status":"closed","template":"","meta":{"footnotes":""},"class_list":["post-307","page","type-page","status-publish","hentry"],"_links":{"self":[{"href":"https:\/\/saintmedardenforez-42330.fr\/site2023\/index.php\/wp-json\/wp\/v2\/pages\/307","targetHints":{"allow":["GET"]}}],"collection":[{"href":"https:\/\/saintmedardenforez-42330.fr\/site2023\/index.php\/wp-json\/wp\/v2\/pages"}],"about":[{"href":"https:\/\/saintmedardenforez-42330.fr\/site2023\/index.php\/wp-json\/wp\/v2\/types\/page"}],"author":[{"embeddable":true,"href":"https:\/\/saintmedardenforez-42330.fr\/site2023\/index.php\/wp-json\/wp\/v2\/users\/1"}],"replies":[{"embeddable":true,"href":"https:\/\/saintmedardenforez-42330.fr\/site2023\/index.php\/wp-json\/wp\/v2\/comments?post=307"}],"version-history":[{"count":0,"href":"https:\/\/saintmedardenforez-42330.fr\/site2023\/index.php\/wp-json\/wp\/v2\/pages\/307\/revisions"}],"wp:attachment":[{"href":"https:\/\/saintmedardenforez-42330.fr\/site2023\/index.php\/wp-json\/wp\/v2\/media?parent=307"}],"curies":[{"name":"wp","href":"https:\/\/api.w.org\/{rel}","templated":true}]}}