{"id":295,"date":"2019-11-24T15:59:40","date_gmt":"2019-11-24T14:59:40","guid":{"rendered":"https:\/\/saintmedardenforez-42330.fr\/site2023\/?page_id=295"},"modified":"2025-01-08T22:49:17","modified_gmt":"2025-01-08T21:49:17","slug":"hebergement","status":"publish","type":"page","link":"https:\/\/saintmedardenforez-42330.fr\/site2023\/index.php\/hebergement\/","title":{"rendered":"H\u00e9bergement"},"content":{"rendered":"<h1>Chambre d&rsquo;h\u00f4tes \/ G\u00eete<\/h1>\n<ul>\n<li style=\"list-style-type: none;\">\n<ul>\n<li><strong>La Ferri\u00e8re<\/strong>\n<ul>\n<li>La Mont\u00e9e de l&rsquo;\u00e9glise 42330 SAINT MEDARD EN FOREZ<\/li>\n<li>Tel : 06 59 09 91 09<\/li>\n<li>Le Bourg 42330 SAINT MEDARD EN FOREZ<\/li>\n<li><span style=\"font-size: 1rem;\">Site internet<\/span><\/li>\n<\/ul>\n<\/li>\n<li><strong>Aux sources du forez<\/strong>\n<ul>\n<li>160, route du chemin Prond 42330 SAINT MEDARD EN FOREZ<\/li>\n<li>Tel : 06 71 79 43 63<\/li>\n<li><a href=\"https:\/\/www.auxsourcesduforez.com\/\" target=\"_blank\" rel=\"noopener noreferrer\"><span style=\"font-size: 1rem;\">Site internet<\/span><\/a><\/li>\n<\/ul>\n<\/li>\n<li><strong>G\u00eete de la Chouette du Vert<\/strong>\n<ul>\n<li>Tel : 06 73 25 18 53 \/ 04 77 94 04 19<\/li>\n<li><a href=\"https:\/\/gitedelachouette.com\/\" target=\"_blank\" rel=\"noopener noreferrer\"><span style=\"font-size: 1rem;\">Site internet<\/span><\/a><\/li>\n<\/ul>\n<\/li>\n<li><strong>PUPIER Andr\u00e9<\/strong>\n<ul>\n<li>Le Blanc 42330 SAINT MEDARD EN FOREZ<\/li>\n<li>Tel : 04 77 94 04 63<\/li>\n<li>Mail : a.pupier@wanadoo.fr<\/li>\n<\/ul>\n<\/li>\n<\/ul>\n<\/li>\n<\/ul>\n","protected":false},"excerpt":{"rendered":"<p>Chambre d&rsquo;h\u00f4tes \/ G\u00eete La Ferri\u00e8re La Mont\u00e9e de l&rsquo;\u00e9glise 42330 SAINT MEDARD EN FOREZ Tel : 06 59 09 91 09 Le Bourg 42330<\/p>\n","protected":false},"author":1,"featured_media":0,"parent":0,"menu_order":0,"comment_status":"closed","ping_status":"closed","template":"","meta":{"footnotes":""},"class_list":["post-295","page","type-page","status-publish","hentry"],"_links":{"self":[{"href":"https:\/\/saintmedardenforez-42330.fr\/site2023\/index.php\/wp-json\/wp\/v2\/pages\/295","targetHints":{"allow":["GET"]}}],"collection":[{"href":"https:\/\/saintmedardenforez-42330.fr\/site2023\/index.php\/wp-json\/wp\/v2\/pages"}],"about":[{"href":"https:\/\/saintmedardenforez-42330.fr\/site2023\/index.php\/wp-json\/wp\/v2\/types\/page"}],"author":[{"embeddable":true,"href":"https:\/\/saintmedardenforez-42330.fr\/site2023\/index.php\/wp-json\/wp\/v2\/users\/1"}],"replies":[{"embeddable":true,"href":"https:\/\/saintmedardenforez-42330.fr\/site2023\/index.php\/wp-json\/wp\/v2\/comments?post=295"}],"version-history":[{"count":2,"href":"https:\/\/saintmedardenforez-42330.fr\/site2023\/index.php\/wp-json\/wp\/v2\/pages\/295\/revisions"}],"predecessor-version":[{"id":2572,"href":"https:\/\/saintmedardenforez-42330.fr\/site2023\/index.php\/wp-json\/wp\/v2\/pages\/295\/revisions\/2572"}],"wp:attachment":[{"href":"https:\/\/saintmedardenforez-42330.fr\/site2023\/index.php\/wp-json\/wp\/v2\/media?parent=295"}],"curies":[{"name":"wp","href":"https:\/\/api.w.org\/{rel}","templated":true}]}}