{"id":263,"date":"2019-11-03T19:23:44","date_gmt":"2019-11-03T18:23:44","guid":{"rendered":"https:\/\/saintmedardenforez-42330.fr\/site2023\/?page_id=263"},"modified":"2022-03-05T14:54:18","modified_gmt":"2022-03-05T13:54:18","slug":"mentions-legales","status":"publish","type":"page","link":"https:\/\/saintmedardenforez-42330.fr\/site2023\/index.php\/mentions-legales\/","title":{"rendered":"Mentions l\u00e9gales"},"content":{"rendered":"<p style=\"text-align: center;\">Toutes les informations sur les mentions l\u00e9gales de ce site <strong>PERSO<\/strong> et non officiel sont disponibles sur cette page.\u00a0Pour toute r\u00e9clamation, contacter le responsable de publication.<\/p>\n<h1 class=\"fs1\"><span style=\"text-decoration: underline;\"><span style=\"font-family: 'courier new', 'courier'; font-size: 10pt;\">R\u00e9alisation du site \/ Responsable de la publication :<\/span><\/span><\/h1>\n<ul>\n<li class=\"fs1\"><span style=\"font-family: 'courier new', 'courier'; font-size: 10pt;\">Luis Da Fonte : 681 Route des Champs Fleuris <\/span><span style=\"font-family: 'courier new', 'courier'; font-size: 10pt;\">42330 Saint M\u00e9dard en Forez<\/span><\/li>\n<li class=\"fs1\"><span style=\"font-family: 'courier new', 'courier'; font-size: 10pt;\"><span style=\"text-decoration: underline;\">Tel :<\/span> 04 77 94 12 52\u00a0<\/span><\/li>\n<li class=\"fs1\"><span style=\"font-family: 'courier new', 'courier'; font-size: 10pt;\"><span style=\"text-decoration: underline;\">Email :<\/span> saintmedardenforez@free.fr<\/span><\/li>\n<li class=\"fs1\"><span style=\"font-family: 'courier new', 'courier'; font-size: 10pt;\">Site r\u00e9alis\u00e9 avec <a href=\"https:\/\/fr.wordpress.org\/\" target=\"_blank\" rel=\"noopener noreferrer\">WordPress<\/a><\/span><\/li>\n<\/ul>\n<p class=\"fs1\"><span style=\"text-decoration: underline; font-family: 'courier new', 'courier'; font-size: 10pt;\">H\u00e9bergement :<\/span><\/p>\n<h1><a href=\"https:\/\/www.free.fr\/freebox\" target=\"_blank\" rel=\"noopener noreferrer\"><img loading=\"lazy\" decoding=\"async\" class=\"aligncenter wp-image-264 size-full\" src=\"https:\/\/saintmedardenforez-42330.fr\/site2023\/wp-content\/uploads\/2019\/11\/Free.png\" alt=\"\" width=\"79\" height=\"33\" \/><\/a><\/h1>\n<h1 class=\"fs1\"><span style=\"text-decoration: underline; font-family: 'courier new', 'courier'; font-size: 10pt;\">Droits d\u2019auteur &#8211; Copyright :<\/span><\/h1>\n<p class=\"fs1\"><span style=\"font-family: 'courier new', 'courier'; font-size: 10pt;\">L\u2019ensemble de ce site rel\u00e8ve de la l\u00e9gislation fran\u00e7aise et internationale sur le droit d\u2019auteur et la propri\u00e9t\u00e9 intellectuelle. <\/span><span style=\"font-family: 'courier new', 'courier'; font-size: 10pt;\">Tous droits de reproduction sont r\u00e9serv\u00e9s, y compris pour les documents photographiques.<\/span><\/p>\n<p class=\"fs1\"><span style=\"font-family: 'courier new', 'courier'; font-size: 10pt;\">La reproduction de tout ou partie de ce site sur un support \u00e9lectronique quel qu\u2019il soit est formellement interdite sauf autorisation expresse du directeur de la publication.<\/span><\/p>\n<p class=\"fs1\"><span style=\"font-family: 'courier new', 'courier'; font-size: 10pt;\">La reproduction des textes de ce site sur un support papier est autoris\u00e9e, tout particuli\u00e8rement dans le cadre p\u00e9dagogique, sous r\u00e9serve du respect des trois conditions suivantes : <\/span><br \/>\n<span style=\"font-family: 'courier new', 'courier'; font-size: 10pt;\">&#8211; Diffusion gratuite<br \/>\n<\/span><span style=\"font-family: 'courier new', 'courier'; font-size: 10pt;\">&#8211; Pas de modification ni alt\u00e9ration d\u2019aucune sorte des documents reproduits<br \/>\n<\/span><span style=\"font-family: 'courier new', 'courier'; font-size: 10pt;\">&#8211; Citation claire et lisible de la source de la fa\u00e7on suivante : \u00ab Ce document provient du site internet saintmedardenforez.free.fr les droits de reproduction sont r\u00e9serv\u00e9s et strictement limit\u00e9s. \u00bb.<\/span><\/p>\n","protected":false},"excerpt":{"rendered":"<p>Toutes les informations sur les mentions l\u00e9gales de ce site PERSO et non officiel sont disponibles sur cette page.\u00a0Pour toute r\u00e9clamation, contacter le responsable de<\/p>\n","protected":false},"author":1,"featured_media":0,"parent":0,"menu_order":0,"comment_status":"closed","ping_status":"closed","template":"","meta":{"footnotes":""},"class_list":["post-263","page","type-page","status-publish","hentry"],"_links":{"self":[{"href":"https:\/\/saintmedardenforez-42330.fr\/site2023\/index.php\/wp-json\/wp\/v2\/pages\/263","targetHints":{"allow":["GET"]}}],"collection":[{"href":"https:\/\/saintmedardenforez-42330.fr\/site2023\/index.php\/wp-json\/wp\/v2\/pages"}],"about":[{"href":"https:\/\/saintmedardenforez-42330.fr\/site2023\/index.php\/wp-json\/wp\/v2\/types\/page"}],"author":[{"embeddable":true,"href":"https:\/\/saintmedardenforez-42330.fr\/site2023\/index.php\/wp-json\/wp\/v2\/users\/1"}],"replies":[{"embeddable":true,"href":"https:\/\/saintmedardenforez-42330.fr\/site2023\/index.php\/wp-json\/wp\/v2\/comments?post=263"}],"version-history":[{"count":0,"href":"https:\/\/saintmedardenforez-42330.fr\/site2023\/index.php\/wp-json\/wp\/v2\/pages\/263\/revisions"}],"wp:attachment":[{"href":"https:\/\/saintmedardenforez-42330.fr\/site2023\/index.php\/wp-json\/wp\/v2\/media?parent=263"}],"curies":[{"name":"wp","href":"https:\/\/api.w.org\/{rel}","templated":true}]}}