{"id":2502,"date":"2024-01-18T12:17:07","date_gmt":"2024-01-18T11:17:07","guid":{"rendered":"https:\/\/saintmedardenforez-42330.fr\/site2023\/?page_id=2502"},"modified":"2024-01-18T12:17:07","modified_gmt":"2024-01-18T11:17:07","slug":"accessibilite-mode-demploi","status":"publish","type":"page","link":"https:\/\/saintmedardenforez-42330.fr\/site2023\/index.php\/accessibilite-mode-demploi\/","title":{"rendered":"Accessibilit\u00e9 mode d\u2019emploi"},"content":{"rendered":"<h2>LIENS D\u2019ACC\u00c8S RAPIDE<\/h2>\n<p>Un lien \u00ab aller au menu \u00bb en d\u00e9but de page permet d\u2019acc\u00e9der directement au menu principal de navigation.<br \/>\nUn lien \u00ab aller au contenu \u00bb en d\u00e9but de page permet d\u2019atteindre directement le contenu significatif de la page.<br \/>\nUn lien \u00ab Plan du site \u00bb en d\u00e9but de page permet d\u2019acc\u00e9der directement au plan du site de l\u2019ensemble des pages<\/p>\n<h2>MENU PRINCIPAL<\/h2>\n<p>Un menu principal horizontal est pr\u00e9sent sur l\u2019ensemble des pages du site.<\/p>\n<h2>FIL D\u2019ARIANE<\/h2>\n<p>Chaque page du site poss\u00e8de un fil d\u2019Ariane. Par une suite de liens de type Accueil\/Accessibilit\u00e9, vous pouvez vous rep\u00e9rez dans l\u2019arborescence du site, \u00e0 partir de la page d\u2019accueil.<\/p>\n<h2>NAVIGATION PAR TABULATION<\/h2>\n<p>Vous pouvez naviguer de lien en lien sans utiliser la souris, uniquement avec la touche de tabulation. La prise du focus reste visible et indique o\u00f9 vous vous situez dans le parcours des liens.<\/p>\n<h2>MOTEUR DE RECHERCHE<\/h2>\n<p>En compl\u00e9ment du menu principal, vous disposez d\u2019un moteur de recherche dont le champ de saisie est situ\u00e9 en haut \u00e0 droite de chaque page.<\/p>\n<h2>ZOOM SUR LE TEXTE<\/h2>\n<p>Vous pouvez utiliser la fonction \u00ab zoom \u00bb qui s\u2019applique sur la taille du texte en cliquant sur la loupe + ou revenir \u00e0 une taille normale en cliquant sur le \u2013<\/p>\n<h2>MISE EN PAGE<\/h2>\n<p>La mise en page du site est construite sur le syst\u00e8me des feuilles de style CSS. M\u00eame en d\u00e9sactivant les feuilles de style, votre site reste op\u00e9rationnel et construit de fa\u00e7on ordonn\u00e9.<\/p>\n<h2>IMAGES<\/h2>\n<p>Chaque image poss\u00e8de un titre ainsi qu\u2019une description afin que les personnes non-voyantes puissent \u00ab lire \u00bb les images.<\/p>\n","protected":false},"excerpt":{"rendered":"<p>LIENS D\u2019ACC\u00c8S RAPIDE Un lien \u00ab aller au menu \u00bb en d\u00e9but de page permet d\u2019acc\u00e9der directement au menu principal de navigation. Un lien \u00ab<\/p>\n","protected":false},"author":1,"featured_media":0,"parent":0,"menu_order":0,"comment_status":"closed","ping_status":"closed","template":"","meta":{"footnotes":""},"class_list":["post-2502","page","type-page","status-publish","hentry"],"_links":{"self":[{"href":"https:\/\/saintmedardenforez-42330.fr\/site2023\/index.php\/wp-json\/wp\/v2\/pages\/2502","targetHints":{"allow":["GET"]}}],"collection":[{"href":"https:\/\/saintmedardenforez-42330.fr\/site2023\/index.php\/wp-json\/wp\/v2\/pages"}],"about":[{"href":"https:\/\/saintmedardenforez-42330.fr\/site2023\/index.php\/wp-json\/wp\/v2\/types\/page"}],"author":[{"embeddable":true,"href":"https:\/\/saintmedardenforez-42330.fr\/site2023\/index.php\/wp-json\/wp\/v2\/users\/1"}],"replies":[{"embeddable":true,"href":"https:\/\/saintmedardenforez-42330.fr\/site2023\/index.php\/wp-json\/wp\/v2\/comments?post=2502"}],"version-history":[{"count":1,"href":"https:\/\/saintmedardenforez-42330.fr\/site2023\/index.php\/wp-json\/wp\/v2\/pages\/2502\/revisions"}],"predecessor-version":[{"id":2503,"href":"https:\/\/saintmedardenforez-42330.fr\/site2023\/index.php\/wp-json\/wp\/v2\/pages\/2502\/revisions\/2503"}],"wp:attachment":[{"href":"https:\/\/saintmedardenforez-42330.fr\/site2023\/index.php\/wp-json\/wp\/v2\/media?parent=2502"}],"curies":[{"name":"wp","href":"https:\/\/api.w.org\/{rel}","templated":true}]}}