{"id":2289,"date":"2023-09-26T19:00:45","date_gmt":"2023-09-26T17:00:45","guid":{"rendered":"https:\/\/saintmedardenforez-42330.fr\/site2023\/?page_id=2289"},"modified":"2023-09-26T19:47:02","modified_gmt":"2023-09-26T17:47:02","slug":"medecins-et-pharmacies","status":"publish","type":"page","link":"https:\/\/saintmedardenforez-42330.fr\/site2023\/index.php\/medecins-et-pharmacies\/","title":{"rendered":"M\u00e9decins et pharmacies"},"content":{"rendered":"<p>Le cabinet m\u00e9dical de Mme Sylvie RAVEL, <strong>m\u00e9decin g\u00e9n\u00e9raliste<\/strong>, ouvrira le lundi 18 septembre 2023.\u00a0Il se situe \u00e0 c\u00f4t\u00e9 des infirmiers, anciennement salle r\u00e9serv\u00e9e \u00e0 l\u2019\u00e9cole de<br \/>\nmusique.<\/p>\n<p>Ci-dessous des informations concernant les RDV m\u00e9decins et pharmacies de garde sur notre territoire.<\/p>\n<p style=\"text-align: center;\"><img loading=\"lazy\" decoding=\"async\" class=\"size-large wp-image-2290 aligncenter\" src=\"https:\/\/saintmedardenforez-42330.fr\/site2023\/wp-content\/uploads\/2023\/09\/20230923-RDV-Medecins-De-Garde.png\" alt=\"\" width=\"634\" height=\"873\" srcset=\"https:\/\/saintmedardenforez-42330.fr\/site2023\/wp-content\/uploads\/2023\/09\/20230923-RDV-Medecins-De-Garde.png 634w, https:\/\/saintmedardenforez-42330.fr\/site2023\/wp-content\/uploads\/2023\/09\/20230923-RDV-Medecins-De-Garde-218x300.png 218w\" sizes=\"auto, (max-width: 634px) 100vw, 634px\" \/><\/p>\n<p style=\"text-align: center;\"><img loading=\"lazy\" decoding=\"async\" class=\"size-full wp-image-2291 aligncenter\" src=\"https:\/\/saintmedardenforez-42330.fr\/site2023\/wp-content\/uploads\/2023\/09\/20230923-RDV-Pharmacies-De-Garde.png\" alt=\"\" width=\"818\" height=\"818\" srcset=\"https:\/\/saintmedardenforez-42330.fr\/site2023\/wp-content\/uploads\/2023\/09\/20230923-RDV-Pharmacies-De-Garde.png 818w, https:\/\/saintmedardenforez-42330.fr\/site2023\/wp-content\/uploads\/2023\/09\/20230923-RDV-Pharmacies-De-Garde-300x300.png 300w, https:\/\/saintmedardenforez-42330.fr\/site2023\/wp-content\/uploads\/2023\/09\/20230923-RDV-Pharmacies-De-Garde-150x150.png 150w, https:\/\/saintmedardenforez-42330.fr\/site2023\/wp-content\/uploads\/2023\/09\/20230923-RDV-Pharmacies-De-Garde-768x768.png 768w\" sizes=\"auto, (max-width: 818px) 100vw, 818px\" \/><\/p>\n<p style=\"text-align: center;\"><a href=\"https:\/\/saintmedardenforez-42330.fr\/site2023\/wp-content\/uploads\/2023\/09\/20230923-RDV-Medecins-Pharmacies-De-Garde.pdf\" target=\"_blank\" rel=\"noopener\">Fichier PDF<\/a><\/p>\n","protected":false},"excerpt":{"rendered":"<p>Le cabinet m\u00e9dical de Mme Sylvie RAVEL, m\u00e9decin g\u00e9n\u00e9raliste, ouvrira le lundi 18 septembre 2023.\u00a0Il se situe \u00e0 c\u00f4t\u00e9 des infirmiers, anciennement salle r\u00e9serv\u00e9e \u00e0<\/p>\n","protected":false},"author":1,"featured_media":0,"parent":0,"menu_order":0,"comment_status":"closed","ping_status":"closed","template":"","meta":{"footnotes":""},"class_list":["post-2289","page","type-page","status-publish","hentry"],"_links":{"self":[{"href":"https:\/\/saintmedardenforez-42330.fr\/site2023\/index.php\/wp-json\/wp\/v2\/pages\/2289","targetHints":{"allow":["GET"]}}],"collection":[{"href":"https:\/\/saintmedardenforez-42330.fr\/site2023\/index.php\/wp-json\/wp\/v2\/pages"}],"about":[{"href":"https:\/\/saintmedardenforez-42330.fr\/site2023\/index.php\/wp-json\/wp\/v2\/types\/page"}],"author":[{"embeddable":true,"href":"https:\/\/saintmedardenforez-42330.fr\/site2023\/index.php\/wp-json\/wp\/v2\/users\/1"}],"replies":[{"embeddable":true,"href":"https:\/\/saintmedardenforez-42330.fr\/site2023\/index.php\/wp-json\/wp\/v2\/comments?post=2289"}],"version-history":[{"count":3,"href":"https:\/\/saintmedardenforez-42330.fr\/site2023\/index.php\/wp-json\/wp\/v2\/pages\/2289\/revisions"}],"predecessor-version":[{"id":2304,"href":"https:\/\/saintmedardenforez-42330.fr\/site2023\/index.php\/wp-json\/wp\/v2\/pages\/2289\/revisions\/2304"}],"wp:attachment":[{"href":"https:\/\/saintmedardenforez-42330.fr\/site2023\/index.php\/wp-json\/wp\/v2\/media?parent=2289"}],"curies":[{"name":"wp","href":"https:\/\/api.w.org\/{rel}","templated":true}]}}