{"id":214,"date":"2023-03-03T13:07:00","date_gmt":"2023-03-03T12:07:00","guid":{"rendered":"https:\/\/saintmedardenforez-42330.fr\/site2023\/?page_id=214"},"modified":"2026-01-12T23:26:22","modified_gmt":"2026-01-12T22:26:22","slug":"liens-sur-monts-du-lyonnais","status":"publish","type":"page","link":"https:\/\/saintmedardenforez-42330.fr\/site2023\/index.php\/liens-sur-monts-du-lyonnais\/","title":{"rendered":"Liens sur Monts du Lyonnais"},"content":{"rendered":"<p style=\"text-align: center;\"><a href=\"https:\/\/lequipage.centres-sociaux.fr\/\" target=\"_blank\" rel=\"noopener noreferrer\">Centre socio de Chazelles sur Lyon<\/a><\/p>\n<p style=\"text-align: center;\"><a href=\"https:\/\/www.facebook.com\/Communaut%C3%A9-de-Communes-de-Forez-Est-100556538269427\" target=\"_blank\" rel=\"noopener noreferrer\">Communaut\u00e9 de Communes de Forez-Est<\/a><\/p>\n<p style=\"text-align: center;\">Le Lyonnais<\/p>\n<p style=\"text-align: center;\"><a href=\"https:\/\/movici-rhone.auvergnerhonealpes.fr\/\" target=\"_blank\" rel=\"noopener noreferrer\">Covoiturage<\/a><\/p>\n<p style=\"text-align: center;\"><a href=\"http:\/\/www.maisondesmetiers.fr\/\" target=\"_blank\" rel=\"noopener noreferrer\">La maison des m\u00e9tiers<\/a><\/p>\n<p style=\"text-align: center;\"><a href=\"http:\/\/www.museeduchapeau.com\/\" target=\"_blank\" rel=\"noopener noreferrer\">Le mus\u00e9e du Chapeau<\/a><\/p>\n<p style=\"text-align: center;\"><a href=\"http:\/\/www.araire.org\/\" target=\"_blank\" rel=\"noopener noreferrer\">La maison de l&rsquo;Araire<\/a><\/p>\n","protected":false},"excerpt":{"rendered":"<p>Centre socio de Chazelles sur Lyon Communaut\u00e9 de Communes de Forez-Est Le Lyonnais Covoiturage La maison des m\u00e9tiers Le mus\u00e9e du Chapeau La maison de<\/p>\n","protected":false},"author":1,"featured_media":0,"parent":0,"menu_order":0,"comment_status":"closed","ping_status":"closed","template":"","meta":{"footnotes":""},"class_list":["post-214","page","type-page","status-publish","hentry"],"_links":{"self":[{"href":"https:\/\/saintmedardenforez-42330.fr\/site2023\/index.php\/wp-json\/wp\/v2\/pages\/214","targetHints":{"allow":["GET"]}}],"collection":[{"href":"https:\/\/saintmedardenforez-42330.fr\/site2023\/index.php\/wp-json\/wp\/v2\/pages"}],"about":[{"href":"https:\/\/saintmedardenforez-42330.fr\/site2023\/index.php\/wp-json\/wp\/v2\/types\/page"}],"author":[{"embeddable":true,"href":"https:\/\/saintmedardenforez-42330.fr\/site2023\/index.php\/wp-json\/wp\/v2\/users\/1"}],"replies":[{"embeddable":true,"href":"https:\/\/saintmedardenforez-42330.fr\/site2023\/index.php\/wp-json\/wp\/v2\/comments?post=214"}],"version-history":[{"count":2,"href":"https:\/\/saintmedardenforez-42330.fr\/site2023\/index.php\/wp-json\/wp\/v2\/pages\/214\/revisions"}],"predecessor-version":[{"id":2585,"href":"https:\/\/saintmedardenforez-42330.fr\/site2023\/index.php\/wp-json\/wp\/v2\/pages\/214\/revisions\/2585"}],"wp:attachment":[{"href":"https:\/\/saintmedardenforez-42330.fr\/site2023\/index.php\/wp-json\/wp\/v2\/media?parent=214"}],"curies":[{"name":"wp","href":"https:\/\/api.w.org\/{rel}","templated":true}]}}