{"id":204,"date":"2022-11-03T12:56:33","date_gmt":"2022-11-03T11:56:33","guid":{"rendered":"https:\/\/saintmedardenforez-42330.fr\/site2023\/?page_id=204"},"modified":"2023-06-17T08:40:46","modified_gmt":"2023-06-17T06:40:46","slug":"liens-web-sur-saint-medard-en-forez","status":"publish","type":"page","link":"https:\/\/saintmedardenforez-42330.fr\/site2023\/index.php\/liens-web-sur-saint-medard-en-forez\/","title":{"rendered":"Liens sur Saint M\u00e9dard en Forez"},"content":{"rendered":"<p style=\"text-align: center;\"><a href=\"https:\/\/www.service-public.fr\/\" target=\"_blank\" rel=\"noopener noreferrer\">D\u00e9marches administratives en ligne<\/a><\/p>\n<p style=\"text-align: center;\"><a href=\"https:\/\/fr.geneawiki.com\/index.php\/42264_-_Saint-M%C3%A9dard-en-Forez\" target=\"_blank\" rel=\"noopener noreferrer\">G\u00e9n\u00e9aWiki<\/a><\/p>\n<p style=\"text-align: center;\"><a href=\"https:\/\/www.cadastre.gouv.fr\/scpc\/accueil.do\" target=\"_blank\" rel=\"noopener noreferrer\">Le cadastre<\/a><\/p>\n<p style=\"text-align: center;\"><a href=\"http:\/\/www.meteofrance.com\/previsions-meteo-france\/saint-medard-en-forez\/42330\" target=\"_blank\" rel=\"noopener noreferrer\">M\u00e9t\u00e9o France<\/a><\/p>\n<p style=\"text-align: center;\"><a href=\"https:\/\/www.irsn.fr\/FR\/Pages\/Home.aspx\" target=\"_blank\" rel=\"noopener noreferrer\">I.R.S.N.<\/a><\/p>\n","protected":false},"excerpt":{"rendered":"<p>D\u00e9marches administratives en ligne G\u00e9n\u00e9aWiki Le cadastre M\u00e9t\u00e9o France I.R.S.N.<\/p>\n","protected":false},"author":1,"featured_media":0,"parent":0,"menu_order":0,"comment_status":"closed","ping_status":"closed","template":"","meta":{"footnotes":""},"class_list":["post-204","page","type-page","status-publish","hentry"],"_links":{"self":[{"href":"https:\/\/saintmedardenforez-42330.fr\/site2023\/index.php\/wp-json\/wp\/v2\/pages\/204","targetHints":{"allow":["GET"]}}],"collection":[{"href":"https:\/\/saintmedardenforez-42330.fr\/site2023\/index.php\/wp-json\/wp\/v2\/pages"}],"about":[{"href":"https:\/\/saintmedardenforez-42330.fr\/site2023\/index.php\/wp-json\/wp\/v2\/types\/page"}],"author":[{"embeddable":true,"href":"https:\/\/saintmedardenforez-42330.fr\/site2023\/index.php\/wp-json\/wp\/v2\/users\/1"}],"replies":[{"embeddable":true,"href":"https:\/\/saintmedardenforez-42330.fr\/site2023\/index.php\/wp-json\/wp\/v2\/comments?post=204"}],"version-history":[{"count":1,"href":"https:\/\/saintmedardenforez-42330.fr\/site2023\/index.php\/wp-json\/wp\/v2\/pages\/204\/revisions"}],"predecessor-version":[{"id":2176,"href":"https:\/\/saintmedardenforez-42330.fr\/site2023\/index.php\/wp-json\/wp\/v2\/pages\/204\/revisions\/2176"}],"wp:attachment":[{"href":"https:\/\/saintmedardenforez-42330.fr\/site2023\/index.php\/wp-json\/wp\/v2\/media?parent=204"}],"curies":[{"name":"wp","href":"https:\/\/api.w.org\/{rel}","templated":true}]}}