{"id":199,"date":"2023-03-03T12:50:53","date_gmt":"2023-03-03T11:50:53","guid":{"rendered":"https:\/\/saintmedardenforez-42330.fr\/site2023\/?page_id=199"},"modified":"2023-03-03T16:14:52","modified_gmt":"2023-03-03T15:14:52","slug":"la-paroisse","status":"publish","type":"page","link":"https:\/\/saintmedardenforez-42330.fr\/site2023\/index.php\/la-paroisse\/","title":{"rendered":"La Paroisse"},"content":{"rendered":"<p style=\"text-align: center;\">Sur cette page vous disposez de diverses coordonn\u00e9es et informations pratiques, comme les permanences, les horaires des messes ainsi que les contacts utiles pour les bapt\u00eames, les mariages et les fun\u00e9railles.<\/p>\n<p style=\"text-align: center;\"><img loading=\"lazy\" decoding=\"async\" class=\"alignnone size-full wp-image-2029\" src=\"https:\/\/saintmedardenforez-42330.fr\/site2023\/wp-content\/uploads\/2023\/03\/20230303-Paroisse-Coordonnees.png\" alt=\"\" width=\"305\" height=\"162\" srcset=\"https:\/\/saintmedardenforez-42330.fr\/site2023\/wp-content\/uploads\/2023\/03\/20230303-Paroisse-Coordonnees.png 305w, https:\/\/saintmedardenforez-42330.fr\/site2023\/wp-content\/uploads\/2023\/03\/20230303-Paroisse-Coordonnees-300x159.png 300w\" sizes=\"auto, (max-width: 305px) 100vw, 305px\" \/><\/p>\n<p style=\"text-align: center;\"><img loading=\"lazy\" decoding=\"async\" class=\"size-full wp-image-2030 aligncenter\" src=\"https:\/\/saintmedardenforez-42330.fr\/site2023\/wp-content\/uploads\/2023\/03\/20230303-Paroisse-Informations-Pratiques.png\" alt=\"\" width=\"306\" height=\"440\" srcset=\"https:\/\/saintmedardenforez-42330.fr\/site2023\/wp-content\/uploads\/2023\/03\/20230303-Paroisse-Informations-Pratiques.png 306w, https:\/\/saintmedardenforez-42330.fr\/site2023\/wp-content\/uploads\/2023\/03\/20230303-Paroisse-Informations-Pratiques-209x300.png 209w\" sizes=\"auto, (max-width: 306px) 100vw, 306px\" \/><\/p>\n","protected":false},"excerpt":{"rendered":"<p>Sur cette page vous disposez de diverses coordonn\u00e9es et informations pratiques, comme les permanences, les horaires des messes ainsi que les contacts utiles pour les<\/p>\n","protected":false},"author":1,"featured_media":0,"parent":0,"menu_order":0,"comment_status":"closed","ping_status":"closed","template":"","meta":{"footnotes":""},"class_list":["post-199","page","type-page","status-publish","hentry"],"_links":{"self":[{"href":"https:\/\/saintmedardenforez-42330.fr\/site2023\/index.php\/wp-json\/wp\/v2\/pages\/199","targetHints":{"allow":["GET"]}}],"collection":[{"href":"https:\/\/saintmedardenforez-42330.fr\/site2023\/index.php\/wp-json\/wp\/v2\/pages"}],"about":[{"href":"https:\/\/saintmedardenforez-42330.fr\/site2023\/index.php\/wp-json\/wp\/v2\/types\/page"}],"author":[{"embeddable":true,"href":"https:\/\/saintmedardenforez-42330.fr\/site2023\/index.php\/wp-json\/wp\/v2\/users\/1"}],"replies":[{"embeddable":true,"href":"https:\/\/saintmedardenforez-42330.fr\/site2023\/index.php\/wp-json\/wp\/v2\/comments?post=199"}],"version-history":[{"count":2,"href":"https:\/\/saintmedardenforez-42330.fr\/site2023\/index.php\/wp-json\/wp\/v2\/pages\/199\/revisions"}],"predecessor-version":[{"id":2031,"href":"https:\/\/saintmedardenforez-42330.fr\/site2023\/index.php\/wp-json\/wp\/v2\/pages\/199\/revisions\/2031"}],"wp:attachment":[{"href":"https:\/\/saintmedardenforez-42330.fr\/site2023\/index.php\/wp-json\/wp\/v2\/media?parent=199"}],"curies":[{"name":"wp","href":"https:\/\/api.w.org\/{rel}","templated":true}]}}