{"id":174,"date":"2022-11-03T12:30:39","date_gmt":"2022-11-03T11:30:39","guid":{"rendered":"https:\/\/saintmedardenforez-42330.fr\/site2023\/?page_id=174"},"modified":"2023-06-17T08:46:26","modified_gmt":"2023-06-17T06:46:26","slug":"assistantes-maternelles-agreees","status":"publish","type":"page","link":"https:\/\/saintmedardenforez-42330.fr\/site2023\/index.php\/assistantes-maternelles-agreees\/","title":{"rendered":"Relais Assistantes Maternelles agr\u00e9\u00e9es"},"content":{"rendered":"<p>Les informations relatives aux assistantes maternelles sont pr\u00e9sentes sur le site du <a href=\"https:\/\/lequipage.centres-sociaux.fr\/relais-assistantes-maternelles-parents-enfants\/ram\/\" target=\"_blank\" rel=\"noopener\">centre socio culturel l&rsquo;Equipage<\/a><\/p>\n<p style=\"text-align: center;\"><a href=\"https:\/\/lequipage.centres-sociaux.fr\/relais-assistantes-maternelles-parents-enfants\/ram\/\" target=\"_blank\" rel=\"noopener noreferrer\"><img loading=\"lazy\" decoding=\"async\" class=\"size-large wp-image-940 aligncenter\" src=\"https:\/\/saintmedardenforez-42330.fr\/site2023\/wp-content\/uploads\/2020\/12\/Relais-Assistantes-Maternelles-2020-2021-724x1024.jpg\" alt=\"\" width=\"724\" height=\"1024\" srcset=\"https:\/\/saintmedardenforez-42330.fr\/site2023\/wp-content\/uploads\/2020\/12\/Relais-Assistantes-Maternelles-2020-2021-724x1024.jpg 724w, https:\/\/saintmedardenforez-42330.fr\/site2023\/wp-content\/uploads\/2020\/12\/Relais-Assistantes-Maternelles-2020-2021-212x300.jpg 212w, https:\/\/saintmedardenforez-42330.fr\/site2023\/wp-content\/uploads\/2020\/12\/Relais-Assistantes-Maternelles-2020-2021-768x1086.jpg 768w, https:\/\/saintmedardenforez-42330.fr\/site2023\/wp-content\/uploads\/2020\/12\/Relais-Assistantes-Maternelles-2020-2021-1086x1536.jpg 1086w, https:\/\/saintmedardenforez-42330.fr\/site2023\/wp-content\/uploads\/2020\/12\/Relais-Assistantes-Maternelles-2020-2021.jpg 1414w\" sizes=\"auto, (max-width: 724px) 100vw, 724px\" \/><\/a><\/p>\n","protected":false},"excerpt":{"rendered":"<p>Les informations relatives aux assistantes maternelles sont pr\u00e9sentes sur le site du centre socio culturel l&rsquo;Equipage<\/p>\n","protected":false},"author":1,"featured_media":0,"parent":0,"menu_order":0,"comment_status":"closed","ping_status":"closed","template":"","meta":{"footnotes":""},"class_list":["post-174","page","type-page","status-publish","hentry"],"_links":{"self":[{"href":"https:\/\/saintmedardenforez-42330.fr\/site2023\/index.php\/wp-json\/wp\/v2\/pages\/174","targetHints":{"allow":["GET"]}}],"collection":[{"href":"https:\/\/saintmedardenforez-42330.fr\/site2023\/index.php\/wp-json\/wp\/v2\/pages"}],"about":[{"href":"https:\/\/saintmedardenforez-42330.fr\/site2023\/index.php\/wp-json\/wp\/v2\/types\/page"}],"author":[{"embeddable":true,"href":"https:\/\/saintmedardenforez-42330.fr\/site2023\/index.php\/wp-json\/wp\/v2\/users\/1"}],"replies":[{"embeddable":true,"href":"https:\/\/saintmedardenforez-42330.fr\/site2023\/index.php\/wp-json\/wp\/v2\/comments?post=174"}],"version-history":[{"count":1,"href":"https:\/\/saintmedardenforez-42330.fr\/site2023\/index.php\/wp-json\/wp\/v2\/pages\/174\/revisions"}],"predecessor-version":[{"id":2180,"href":"https:\/\/saintmedardenforez-42330.fr\/site2023\/index.php\/wp-json\/wp\/v2\/pages\/174\/revisions\/2180"}],"wp:attachment":[{"href":"https:\/\/saintmedardenforez-42330.fr\/site2023\/index.php\/wp-json\/wp\/v2\/media?parent=174"}],"curies":[{"name":"wp","href":"https:\/\/api.w.org\/{rel}","templated":true}]}}