{"id":171,"date":"2023-09-27T19:00:47","date_gmt":"2023-09-27T17:00:47","guid":{"rendered":"https:\/\/saintmedardenforez-42330.fr\/site2023\/?page_id=171"},"modified":"2024-01-02T18:51:59","modified_gmt":"2024-01-02T17:51:59","slug":"cantine-et-garderie","status":"publish","type":"page","link":"https:\/\/saintmedardenforez-42330.fr\/site2023\/index.php\/cantine-et-garderie\/","title":{"rendered":"Cantine et Garderie"},"content":{"rendered":"<p>Tarif :<\/p>\n<ul>\n<li><span style=\"font-size: 1rem;\">Cantine : <\/span><strong style=\"font-size: 1rem;\">4.25<\/strong><span style=\"font-size: 1rem;\"> euros le repas (Hors d\u00e9lai <strong>6.00<\/strong> euros<\/span><span style=\"font-size: 1rem;\">)<\/span><\/li>\n<li>Garderie du matin : <strong>1.00<\/strong> euro le ticket<\/li>\n<li>Garderie du soir : <strong>1.70<\/strong> euros le ticket<\/li>\n<\/ul>\n<p>L\u2019inscription aux services de restauration scolaire et garderie s\u2019adresse aux enfants fr\u00e9quentant l\u2019\u00e9cole de SAINT-M\u00c9DARD-EN-FOREZ.\u00a0Les parents souhaitant utiliser le service restauration ou celui de garderie pour leur(s) enfant(s) s\u2019adressent en mairie pour la cr\u00e9ation d\u2019un compte d\u2019acc\u00e8s au logiciel en ligne.\u00a0Les parents ou repr\u00e9sentants l\u00e9gaux pourront ensuite r\u00e9server les repas de leur(s) enfant(s) ou inscrire leur(s) enfant(s) \u00e0 la garderie, sur le site <a href=\"https:\/\/www.logicielcantine.fr\/stmedardenforez\/\" target=\"_blank\" rel=\"noopener\">https:\/\/www.logicielcantine.fr\/stmedardenforez\/<\/a> , les menus sont not\u00e9s sur le site \u00e9galement.<\/p>\n<p>Pour la cantine, les inscriptions sont \u00e0 effectuer avant 9h00 les mardis pour la semaine suivante.<\/p>\n<p>Pour la garderie, les inscriptions sont \u00e0 effectuer avant 7h le matin m\u00eame.<\/p>\n<p>Accueil des enfants le matin \u00e0 07h30-08h20 et 16h15-18h00.<\/p>\n<p class=\"fs1\">\u00a0<span style=\"font-family: 'courier new', 'courier'; font-size: 10pt;\"><a href=\"https:\/\/saintmedardenforez-42330.fr\/site2023\/index.php\/assistantes-maternelles-agreees\/\" target=\"_blank\" rel=\"noopener noreferrer\">Assistantes maternelles agr\u00e9\u00e9es<\/a><\/span><\/p>\n","protected":false},"excerpt":{"rendered":"<p>Tarif : Cantine : 4.25 euros le repas (Hors d\u00e9lai 6.00 euros) Garderie du matin : 1.00 euro le ticket Garderie du soir : 1.70<\/p>\n","protected":false},"author":1,"featured_media":0,"parent":0,"menu_order":0,"comment_status":"closed","ping_status":"closed","template":"","meta":{"footnotes":""},"class_list":["post-171","page","type-page","status-publish","hentry"],"_links":{"self":[{"href":"https:\/\/saintmedardenforez-42330.fr\/site2023\/index.php\/wp-json\/wp\/v2\/pages\/171","targetHints":{"allow":["GET"]}}],"collection":[{"href":"https:\/\/saintmedardenforez-42330.fr\/site2023\/index.php\/wp-json\/wp\/v2\/pages"}],"about":[{"href":"https:\/\/saintmedardenforez-42330.fr\/site2023\/index.php\/wp-json\/wp\/v2\/types\/page"}],"author":[{"embeddable":true,"href":"https:\/\/saintmedardenforez-42330.fr\/site2023\/index.php\/wp-json\/wp\/v2\/users\/1"}],"replies":[{"embeddable":true,"href":"https:\/\/saintmedardenforez-42330.fr\/site2023\/index.php\/wp-json\/wp\/v2\/comments?post=171"}],"version-history":[{"count":8,"href":"https:\/\/saintmedardenforez-42330.fr\/site2023\/index.php\/wp-json\/wp\/v2\/pages\/171\/revisions"}],"predecessor-version":[{"id":2483,"href":"https:\/\/saintmedardenforez-42330.fr\/site2023\/index.php\/wp-json\/wp\/v2\/pages\/171\/revisions\/2483"}],"wp:attachment":[{"href":"https:\/\/saintmedardenforez-42330.fr\/site2023\/index.php\/wp-json\/wp\/v2\/media?parent=171"}],"curies":[{"name":"wp","href":"https:\/\/api.w.org\/{rel}","templated":true}]}}