{"id":168,"date":"2023-01-01T12:26:37","date_gmt":"2023-01-01T11:26:37","guid":{"rendered":"https:\/\/saintmedardenforez-42330.fr\/site2023\/?page_id=168"},"modified":"2024-01-02T18:58:10","modified_gmt":"2024-01-02T17:58:10","slug":"salle-animation","status":"publish","type":"page","link":"https:\/\/saintmedardenforez-42330.fr\/site2023\/index.php\/salle-animation\/","title":{"rendered":"Salle d&rsquo;animation"},"content":{"rendered":"<p>Cette page regroupe le mode op\u00e9ratoire pour r\u00e9server les salles d&rsquo;animation du village ainsi que les tarifs. Pour toutes informations compl\u00e9mentaires, il faut contacter la mairie.<\/p>\n<p>Les personnes ext\u00e9rieures \u00e0 la commune ont un suppl\u00e9ment \u00ab charges \u00bb \u00e0 payer pour les<br \/>\np\u00e9riodes o\u00f9 le chauffage est n\u00e9cessaire. Au vu de l\u2019augmentation du prix des fluides, il est propos\u00e9 de mettre en place un suppl\u00e9ment \u00ab charges \u00bb, pour les habitants de la commune, \u00e9galement.<\/p>\n<p style=\"text-align: center;\"><img loading=\"lazy\" decoding=\"async\" class=\"size-full wp-image-2485 aligncenter\" src=\"https:\/\/saintmedardenforez-42330.fr\/site2023\/wp-content\/uploads\/2024\/01\/20240102-Salle-Animation-Comment-Louer.png\" alt=\"\" width=\"660\" height=\"344\" srcset=\"https:\/\/saintmedardenforez-42330.fr\/site2023\/wp-content\/uploads\/2024\/01\/20240102-Salle-Animation-Comment-Louer.png 660w, https:\/\/saintmedardenforez-42330.fr\/site2023\/wp-content\/uploads\/2024\/01\/20240102-Salle-Animation-Comment-Louer-300x156.png 300w\" sizes=\"auto, (max-width: 660px) 100vw, 660px\" \/><\/p>\n<p style=\"text-align: center;\"><img loading=\"lazy\" decoding=\"async\" class=\"size-full wp-image-2484 aligncenter\" src=\"https:\/\/saintmedardenforez-42330.fr\/site2023\/wp-content\/uploads\/2024\/01\/20240102-Salle-Animation.png\" alt=\"\" width=\"648\" height=\"362\" srcset=\"https:\/\/saintmedardenforez-42330.fr\/site2023\/wp-content\/uploads\/2024\/01\/20240102-Salle-Animation.png 648w, https:\/\/saintmedardenforez-42330.fr\/site2023\/wp-content\/uploads\/2024\/01\/20240102-Salle-Animation-300x168.png 300w\" sizes=\"auto, (max-width: 648px) 100vw, 648px\" \/><\/p>\n<p style=\"text-align: center;\"><img loading=\"lazy\" decoding=\"async\" class=\"alignnone size-full wp-image-2487\" src=\"https:\/\/saintmedardenforez-42330.fr\/site2023\/wp-content\/uploads\/2024\/01\/20240102-Salle-Animation-Materiels.png\" alt=\"\" width=\"327\" height=\"448\" srcset=\"https:\/\/saintmedardenforez-42330.fr\/site2023\/wp-content\/uploads\/2024\/01\/20240102-Salle-Animation-Materiels.png 327w, https:\/\/saintmedardenforez-42330.fr\/site2023\/wp-content\/uploads\/2024\/01\/20240102-Salle-Animation-Materiels-219x300.png 219w\" sizes=\"auto, (max-width: 327px) 100vw, 327px\" \/><\/p>\n","protected":false},"excerpt":{"rendered":"<p>Cette page regroupe le mode op\u00e9ratoire pour r\u00e9server les salles d&rsquo;animation du village ainsi que les tarifs. Pour toutes informations compl\u00e9mentaires, il faut contacter la<\/p>\n","protected":false},"author":1,"featured_media":0,"parent":0,"menu_order":0,"comment_status":"closed","ping_status":"closed","template":"","meta":{"footnotes":""},"class_list":["post-168","page","type-page","status-publish","hentry"],"_links":{"self":[{"href":"https:\/\/saintmedardenforez-42330.fr\/site2023\/index.php\/wp-json\/wp\/v2\/pages\/168","targetHints":{"allow":["GET"]}}],"collection":[{"href":"https:\/\/saintmedardenforez-42330.fr\/site2023\/index.php\/wp-json\/wp\/v2\/pages"}],"about":[{"href":"https:\/\/saintmedardenforez-42330.fr\/site2023\/index.php\/wp-json\/wp\/v2\/types\/page"}],"author":[{"embeddable":true,"href":"https:\/\/saintmedardenforez-42330.fr\/site2023\/index.php\/wp-json\/wp\/v2\/users\/1"}],"replies":[{"embeddable":true,"href":"https:\/\/saintmedardenforez-42330.fr\/site2023\/index.php\/wp-json\/wp\/v2\/comments?post=168"}],"version-history":[{"count":4,"href":"https:\/\/saintmedardenforez-42330.fr\/site2023\/index.php\/wp-json\/wp\/v2\/pages\/168\/revisions"}],"predecessor-version":[{"id":2488,"href":"https:\/\/saintmedardenforez-42330.fr\/site2023\/index.php\/wp-json\/wp\/v2\/pages\/168\/revisions\/2488"}],"wp:attachment":[{"href":"https:\/\/saintmedardenforez-42330.fr\/site2023\/index.php\/wp-json\/wp\/v2\/media?parent=168"}],"curies":[{"name":"wp","href":"https:\/\/api.w.org\/{rel}","templated":true}]}}