{"id":158,"date":"2023-11-13T20:40:29","date_gmt":"2023-11-13T19:40:29","guid":{"rendered":"https:\/\/saintmedardenforez-42330.fr\/site2023\/?page_id=158"},"modified":"2025-01-08T22:47:17","modified_gmt":"2025-01-08T21:47:17","slug":"la-bibliotheque","status":"publish","type":"page","link":"https:\/\/saintmedardenforez-42330.fr\/site2023\/index.php\/la-bibliotheque\/","title":{"rendered":"La Biblioth\u00e8que"},"content":{"rendered":"<h1 style=\"text-align: center;\">Horaires, contact, livres&#8230;<\/h1>\n<p><img loading=\"lazy\" decoding=\"async\" class=\"aligncenter\" style=\"display: block; margin-left: auto; margin-right: auto;\" src=\"https:\/\/saintmedardenforez-42330.fr\/site2023\/wp-content\/uploads\/2019\/11\/20120216-Nouveaux-Livres-Bibliotheque.jpg\" alt=\"20120216-Nouveaux-Livres-Bibliotheque\" width=\"500\" height=\"375\" \/><\/p>\n<p style=\"text-align: center;\"><img loading=\"lazy\" decoding=\"async\" class=\"alignnone size-full wp-image-2478\" src=\"https:\/\/saintmedardenforez-42330.fr\/site2023\/wp-content\/uploads\/2024\/01\/20240102-Bibliotheque-Horaires.png\" alt=\"\" width=\"488\" height=\"254\" srcset=\"https:\/\/saintmedardenforez-42330.fr\/site2023\/wp-content\/uploads\/2024\/01\/20240102-Bibliotheque-Horaires.png 488w, https:\/\/saintmedardenforez-42330.fr\/site2023\/wp-content\/uploads\/2024\/01\/20240102-Bibliotheque-Horaires-300x156.png 300w\" sizes=\"auto, (max-width: 488px) 100vw, 488px\" \/><\/p>\n<p style=\"text-align: center;\"><span style=\"font-family: 'courier new', 'courier'; font-size: 10pt;\"><strong><span style=\"text-decoration: underline;\">Contact :<\/span><\/strong> Mme Dominique COHUET 06 89 81 00 95 <a href=\"mailto:domicohuet@orange.fr\">domicohuet@orange.fr<\/a><\/span><\/p>\n<h2 style=\"text-align: center;\"><strong>Romans<\/strong><\/h2>\n<p style=\"text-align: center;\">Le silence et la col\u00e8re de P. LEMAITRE<\/p>\n<p style=\"text-align: center;\">La fille de la gr\u00eale de D. SAU BABER<br \/>\nNotre histoire de France de M. TIGHANIMINE<br \/>\nNaisseur de D. LAU RENT<br \/>\nLes femmes du bout du monde de M. DA COSTA<br \/>\nVeiller sur elle de Jean-Baptiste Andrea (Prix Goncourt)<\/p>\n<h2 style=\"text-align: center;\">BD<\/h2>\n<p style=\"text-align: center;\">L\u2019arabe du futur tome 5 et 6 de R. SATOU F<br \/>\nGagner la guerre de J.Ph JAWORSKY<br \/>\nL\u2019Iris blanc &#8211; Ast\u00e9rix<\/p>\n<h2 style=\"text-align: center;\">Romans Policiers<\/h2>\n<p style=\"text-align: center;\">A qui la faute de Ragnar JONASSON<br \/>\nUn oeil dans la nuit de B. MINIER<br \/>\nLa lisi\u00e8re de N. TA CKIAN<br \/>\nLa biblioth\u00e8que est abonn\u00e9e \u00e9galement \u00e0 : \u00ab J\u2019aime<br \/>\nlire \u00bb, \u00ab L es belles histoires \u00bb et \u00ab L \u2019ami des jardins \u00bb.<\/p>\n<p style=\"text-align: center;\"><a href=\"https:\/\/mediatheque-numerique.loire.fr\/\" target=\"_blank\" rel=\"noopener\"><img loading=\"lazy\" decoding=\"async\" class=\"aligncenter wp-image-2480 size-full\" src=\"https:\/\/saintmedardenforez-42330.fr\/site2023\/wp-content\/uploads\/2024\/01\/20240102-Bibliotheque-Mediatheque.png\" alt=\"\" width=\"479\" height=\"228\" srcset=\"https:\/\/saintmedardenforez-42330.fr\/site2023\/wp-content\/uploads\/2024\/01\/20240102-Bibliotheque-Mediatheque.png 479w, https:\/\/saintmedardenforez-42330.fr\/site2023\/wp-content\/uploads\/2024\/01\/20240102-Bibliotheque-Mediatheque-300x143.png 300w\" sizes=\"auto, (max-width: 479px) 100vw, 479px\" \/><\/a><\/p>\n<p class=\"fs1\" style=\"text-align: center;\"><span style=\"font-family: courier new,courier; font-size: 10pt;\"><a href=\"https:\/\/mediatheque-numerique.loire.fr\/\" target=\"_blank\" rel=\"noopener noreferrer\">La M\u00e9diath\u00e8que D\u00e9partementale de la loire<\/a><\/span><\/p>\n<p class=\"fs1\" style=\"text-align: center;\"><span style=\"clear: both; font-family: courier new,courier; font-size: 10pt;\"><a href=\"http:\/\/gallica.bnf.fr\/?lang=FR\" target=\"_blank\" rel=\"noopener noreferrer\">Biblioth\u00e8que nationale de France : Gallica, Biblioth\u00e8que num\u00e9rique<\/a><\/span><\/p>\n<p class=\"fs1\" style=\"text-align: center;\"><span style=\"clear: both; font-family: courier new,courier; font-size: 10pt;\"><a href=\"https:\/\/www.audiocite.net\/\" target=\"_blank\" rel=\"noopener noreferrer\">AudioCite (Livres audio)<\/a><br \/>\n<\/span><\/p>\n","protected":false},"excerpt":{"rendered":"<p>Horaires, contact, livres&#8230; Contact : Mme Dominique COHUET 06 89 81 00 95 domicohuet@orange.fr Romans Le silence et la col\u00e8re de P. LEMAITRE La fille<\/p>\n","protected":false},"author":1,"featured_media":0,"parent":0,"menu_order":0,"comment_status":"closed","ping_status":"closed","template":"","meta":{"footnotes":""},"class_list":["post-158","page","type-page","status-publish","hentry"],"_links":{"self":[{"href":"https:\/\/saintmedardenforez-42330.fr\/site2023\/index.php\/wp-json\/wp\/v2\/pages\/158","targetHints":{"allow":["GET"]}}],"collection":[{"href":"https:\/\/saintmedardenforez-42330.fr\/site2023\/index.php\/wp-json\/wp\/v2\/pages"}],"about":[{"href":"https:\/\/saintmedardenforez-42330.fr\/site2023\/index.php\/wp-json\/wp\/v2\/types\/page"}],"author":[{"embeddable":true,"href":"https:\/\/saintmedardenforez-42330.fr\/site2023\/index.php\/wp-json\/wp\/v2\/users\/1"}],"replies":[{"embeddable":true,"href":"https:\/\/saintmedardenforez-42330.fr\/site2023\/index.php\/wp-json\/wp\/v2\/comments?post=158"}],"version-history":[{"count":9,"href":"https:\/\/saintmedardenforez-42330.fr\/site2023\/index.php\/wp-json\/wp\/v2\/pages\/158\/revisions"}],"predecessor-version":[{"id":2570,"href":"https:\/\/saintmedardenforez-42330.fr\/site2023\/index.php\/wp-json\/wp\/v2\/pages\/158\/revisions\/2570"}],"wp:attachment":[{"href":"https:\/\/saintmedardenforez-42330.fr\/site2023\/index.php\/wp-json\/wp\/v2\/media?parent=158"}],"curies":[{"name":"wp","href":"https:\/\/api.w.org\/{rel}","templated":true}]}}