{"id":127,"date":"2019-11-03T11:53:46","date_gmt":"2019-11-03T10:53:46","guid":{"rendered":"https:\/\/saintmedardenforez-42330.fr\/site2023\/?page_id=127"},"modified":"2021-09-11T16:29:36","modified_gmt":"2021-09-11T14:29:36","slug":"mairie-equipe-municipale","status":"publish","type":"page","link":"https:\/\/saintmedardenforez-42330.fr\/site2023\/index.php\/mairie-equipe-municipale\/","title":{"rendered":"Equipe municipale"},"content":{"rendered":"<h1>Membres du conseil municipal<\/h1>\n<p><img loading=\"lazy\" decoding=\"async\" class=\"size-full wp-image-781 aligncenter\" src=\"https:\/\/saintmedardenforez-42330.fr\/site2023\/wp-content\/uploads\/2020\/07\/20200523-Saint-Medard-En-Forez-Equipe-Municipale.png\" alt=\"\" width=\"671\" height=\"341\" srcset=\"https:\/\/saintmedardenforez-42330.fr\/site2023\/wp-content\/uploads\/2020\/07\/20200523-Saint-Medard-En-Forez-Equipe-Municipale.png 671w, https:\/\/saintmedardenforez-42330.fr\/site2023\/wp-content\/uploads\/2020\/07\/20200523-Saint-Medard-En-Forez-Equipe-Municipale-300x152.png 300w\" sizes=\"auto, (max-width: 671px) 100vw, 671px\" \/><\/p>\n<p>Pour ce deuxi\u00e8me mandat, S\u00e9bastien DESHAYES sera entour\u00e9 de trois adjoints et 11 conseillers municipaux :<\/p>\n<h1>Adjoints<\/h1>\n<ul>\n<li><strong>Val\u00e9rie DA FONTE<\/strong> :\u00a0D\u00e9l\u00e9gu\u00e9e \u00e0 la communication aux associations, au sport et \u00e9quipement sportif, \u00e0 l\u2019informatique, au tourisme et \u00e0 l\u2019animation.<\/li>\n<li><strong>Anthony TISSEUR<\/strong> : D\u00e9l\u00e9gu\u00e9 au fleurissement, \u00e0 l\u2019environnement et au d\u00e9veloppement durable, au patrimoine, au cimeti\u00e8re et \u00e0 la location de la salle d\u2019animation.<\/li>\n<li><strong>Laure SIRGUEY<\/strong> : D\u00e9l\u00e9gu\u00e9e \u00e0 la voirie, \u00e0 l\u2019eau et \u00e0 l\u2019assainissement, aux b\u00e2timents, \u00e0 la commission s\u00e9curit\u00e9, \u00e0 l\u2019\u00e9clairage public et aux ordures m\u00e9nag\u00e8res.<\/li>\n<\/ul>\n<h1>Conseillers<\/h1>\n<ul>\n<li><strong>Val\u00e9rie AUBRY<\/strong> : Associations, Sport et \u00e9quipement sportif, Tourisme &#8211; Animation<\/li>\n<li><strong>C\u00e9dric BECKER<\/strong> : Voirie, Eau et assainissement, B\u00e2timents \u2013 S\u00e9curit\u00e9, Eclairage public, Ordures m\u00e9nag\u00e8res<\/li>\n<li><strong>C\u00e9line BLONDEAU<\/strong> : Agriculture<\/li>\n<li><strong>Marc BOUTEILLE<\/strong> : Urbanisme, Environnement et d\u00e9veloppement durable, Patrimoine &#8211; Cimeti\u00e8re, Voirie \u2013 Eau et assainissement, B\u00e2timents &#8211; S\u00e9curit\u00e9, Eclairage public, Ordures m\u00e9nag\u00e8res<\/li>\n<li><strong>Claudine FARGIER<\/strong> : Scolaire et p\u00e9riscolaire, Communication, Associations<\/li>\n<li><strong>Michel FAURE<\/strong> : Scolaire et p\u00e9riscolaire, Informatique<\/li>\n<li><strong>Valentino GOFFART<\/strong> : S\u00e9curit\u00e9-Fleurissement, Patrimoine, Cimeti\u00e8re \u2013 Voirie, Eau et assainissement, B\u00e2timents \u2013 S\u00e9curit\u00e9, Eclairage public, Ordures m\u00e9nag\u00e8res<\/li>\n<li><strong>Yves LAURANSON<\/strong> : Communication, Tourisme-Fleurissement, Environnement et d\u00e9veloppement durable, Patrimoine<\/li>\n<li><strong>Fran\u00e7oise MERLLIE<\/strong> : Urbanisme \u2013 Communication, Fleurissement \u2013 Patrimoine Cimeti\u00e8re<\/li>\n<li><strong>C\u00e9dric NICLOU<\/strong> : Voirie \u2013 Eau et assainissement, B\u00e2timents \u2013 S\u00e9curit\u00e9, Eclairage public<\/li>\n<li><strong>Sophie THIVILLIER<\/strong> : Communication \u2013 Tourisme, Patrimoine \u2013 Cimeti\u00e8re<\/li>\n<\/ul>\n<p>&nbsp;<\/p>\n","protected":false},"excerpt":{"rendered":"<p>Membres du conseil municipal Pour ce deuxi\u00e8me mandat, S\u00e9bastien DESHAYES sera entour\u00e9 de trois adjoints et 11 conseillers municipaux : Adjoints Val\u00e9rie DA FONTE :\u00a0D\u00e9l\u00e9gu\u00e9e<\/p>\n","protected":false},"author":1,"featured_media":0,"parent":0,"menu_order":0,"comment_status":"closed","ping_status":"closed","template":"","meta":{"footnotes":""},"class_list":["post-127","page","type-page","status-publish","hentry"],"_links":{"self":[{"href":"https:\/\/saintmedardenforez-42330.fr\/site2023\/index.php\/wp-json\/wp\/v2\/pages\/127","targetHints":{"allow":["GET"]}}],"collection":[{"href":"https:\/\/saintmedardenforez-42330.fr\/site2023\/index.php\/wp-json\/wp\/v2\/pages"}],"about":[{"href":"https:\/\/saintmedardenforez-42330.fr\/site2023\/index.php\/wp-json\/wp\/v2\/types\/page"}],"author":[{"embeddable":true,"href":"https:\/\/saintmedardenforez-42330.fr\/site2023\/index.php\/wp-json\/wp\/v2\/users\/1"}],"replies":[{"embeddable":true,"href":"https:\/\/saintmedardenforez-42330.fr\/site2023\/index.php\/wp-json\/wp\/v2\/comments?post=127"}],"version-history":[{"count":0,"href":"https:\/\/saintmedardenforez-42330.fr\/site2023\/index.php\/wp-json\/wp\/v2\/pages\/127\/revisions"}],"wp:attachment":[{"href":"https:\/\/saintmedardenforez-42330.fr\/site2023\/index.php\/wp-json\/wp\/v2\/media?parent=127"}],"curies":[{"name":"wp","href":"https:\/\/api.w.org\/{rel}","templated":true}]}}