{"id":1205,"date":"2021-06-24T21:29:10","date_gmt":"2021-06-24T19:29:10","guid":{"rendered":"https:\/\/saintmedardenforez-42330.fr\/site2023\/?page_id=1205"},"modified":"2021-06-24T21:29:10","modified_gmt":"2021-06-24T19:29:10","slug":"ecole","status":"publish","type":"page","link":"https:\/\/saintmedardenforez-42330.fr\/site2023\/index.php\/ecole\/","title":{"rendered":"Ecole"},"content":{"rendered":"<p style=\"text-align: center;\">ECOLE PRIMAIRE<br \/>\n31 Rue de l\u2019\u00e9cole<br \/>\n42330 SAINT-MEDARD-EN-FOREZ<br \/>\n04 77 94 06 58<br \/>\nDirectrice : Mme Edwige GRANJON<br \/>\nD\u00e9charg\u00e9e de direction le vendredi<\/p>\n<p style=\"text-align: center;\"><img loading=\"lazy\" decoding=\"async\" class=\"size-full wp-image-1207 aligncenter\" src=\"https:\/\/saintmedardenforez-42330.fr\/site2023\/wp-content\/uploads\/2021\/06\/20210624-Ecole-Primaire-1.jpg\" alt=\"\" width=\"1024\" height=\"768\" srcset=\"https:\/\/saintmedardenforez-42330.fr\/site2023\/wp-content\/uploads\/2021\/06\/20210624-Ecole-Primaire-1.jpg 1024w, https:\/\/saintmedardenforez-42330.fr\/site2023\/wp-content\/uploads\/2021\/06\/20210624-Ecole-Primaire-1-300x225.jpg 300w, https:\/\/saintmedardenforez-42330.fr\/site2023\/wp-content\/uploads\/2021\/06\/20210624-Ecole-Primaire-1-768x576.jpg 768w, https:\/\/saintmedardenforez-42330.fr\/site2023\/wp-content\/uploads\/2021\/06\/20210624-Ecole-Primaire-1-100x75.jpg 100w\" sizes=\"auto, (max-width: 1024px) 100vw, 1024px\" \/><\/p>\n","protected":false},"excerpt":{"rendered":"<p>ECOLE PRIMAIRE 31 Rue de l\u2019\u00e9cole 42330 SAINT-MEDARD-EN-FOREZ 04 77 94 06 58 Directrice : Mme Edwige GRANJON D\u00e9charg\u00e9e de direction le vendredi<\/p>\n","protected":false},"author":1,"featured_media":0,"parent":0,"menu_order":0,"comment_status":"closed","ping_status":"closed","template":"","meta":{"footnotes":""},"class_list":["post-1205","page","type-page","status-publish","hentry"],"_links":{"self":[{"href":"https:\/\/saintmedardenforez-42330.fr\/site2023\/index.php\/wp-json\/wp\/v2\/pages\/1205","targetHints":{"allow":["GET"]}}],"collection":[{"href":"https:\/\/saintmedardenforez-42330.fr\/site2023\/index.php\/wp-json\/wp\/v2\/pages"}],"about":[{"href":"https:\/\/saintmedardenforez-42330.fr\/site2023\/index.php\/wp-json\/wp\/v2\/types\/page"}],"author":[{"embeddable":true,"href":"https:\/\/saintmedardenforez-42330.fr\/site2023\/index.php\/wp-json\/wp\/v2\/users\/1"}],"replies":[{"embeddable":true,"href":"https:\/\/saintmedardenforez-42330.fr\/site2023\/index.php\/wp-json\/wp\/v2\/comments?post=1205"}],"version-history":[{"count":0,"href":"https:\/\/saintmedardenforez-42330.fr\/site2023\/index.php\/wp-json\/wp\/v2\/pages\/1205\/revisions"}],"wp:attachment":[{"href":"https:\/\/saintmedardenforez-42330.fr\/site2023\/index.php\/wp-json\/wp\/v2\/media?parent=1205"}],"curies":[{"name":"wp","href":"https:\/\/api.w.org\/{rel}","templated":true}]}}